{"id":374,"date":"2025-07-21T21:18:06","date_gmt":"2025-07-21T21:18:06","guid":{"rendered":"https:\/\/boatservice.pl\/index.php\/strona-glowna-2\/"},"modified":"2025-10-11T16:41:20","modified_gmt":"2025-10-11T16:41:20","slug":"strona-glowna","status":"publish","type":"page","link":"https:\/\/boatservice.pl\/","title":{"rendered":"Strona G\u0142\u00f3wna"},"content":{"rendered":"\t\t<div data-elementor-type=\"wp-page\" data-elementor-id=\"374\" class=\"elementor elementor-374\" data-elementor-post-type=\"page\">\n\t\t\t\t<div class=\"elementor-element elementor-element-4cbe2320 e-flex e-con-boxed e-con e-parent\" data-id=\"4cbe2320\" data-element_type=\"container\" data-e-type=\"container\" data-settings=\"{&quot;background_background&quot;:&quot;classic&quot;,&quot;background_motion_fx_motion_fx_scrolling&quot;:&quot;yes&quot;,&quot;background_motion_fx_translateY_effect&quot;:&quot;yes&quot;,&quot;background_motion_fx_translateY_speed&quot;:{&quot;unit&quot;:&quot;px&quot;,&quot;size&quot;:4.8,&quot;sizes&quot;:[]},&quot;motion_fx_motion_fx_scrolling&quot;:&quot;yes&quot;,&quot;background_motion_fx_translateY_affectedRange&quot;:{&quot;unit&quot;:&quot;%&quot;,&quot;size&quot;:&quot;&quot;,&quot;sizes&quot;:{&quot;start&quot;:0,&quot;end&quot;:100}},&quot;background_motion_fx_devices&quot;:[&quot;desktop&quot;,&quot;tablet&quot;,&quot;mobile&quot;],&quot;motion_fx_devices&quot;:[&quot;desktop&quot;,&quot;tablet&quot;,&quot;mobile&quot;]}\">\n\t\t\t\t\t<div class=\"e-con-inner\">\n\t\t\t\t<div class=\"elementor-element elementor-element-393e6f43 elementor-widget elementor-widget-heading\" data-id=\"393e6f43\" data-element_type=\"widget\" data-e-type=\"widget\" data-widget_type=\"heading.default\">\n\t\t\t\t\t<h1 class=\"elementor-heading-title elementor-size-default\">BOAT SERVICE<\/h1>\t\t\t\t<\/div>\n\t\t\t\t<div class=\"elementor-element elementor-element-b050aed elementor-widget elementor-widget-heading\" data-id=\"b050aed\" data-element_type=\"widget\" data-e-type=\"widget\" data-widget_type=\"heading.default\">\n\t\t\t\t\t<h1 class=\"elementor-heading-title elementor-size-default\">Z PASJI DO P\u0141YWANIA<\/h1>\t\t\t\t<\/div>\n\t\t<div class=\"elementor-element elementor-element-2e3377db e-con-full e-flex e-con e-child\" data-id=\"2e3377db\" data-element_type=\"container\" data-e-type=\"container\">\n\t\t\t\t<div class=\"elementor-element elementor-element-19862f92 elementor-widget elementor-widget-image\" data-id=\"19862f92\" data-element_type=\"widget\" data-e-type=\"widget\" data-widget_type=\"image.default\">\n\t\t\t\t\t\t\t\t\t\t\t\t\t\t\t<img fetchpriority=\"high\" decoding=\"async\" width=\"1024\" height=\"1014\" src=\"https:\/\/boatservice.pl\/wp-content\/uploads\/2025\/07\/boat-service-bialy-raster-bez-tla-scaled-1-1024x1014.png\" class=\"attachment-large size-large wp-image-449\" alt=\"\" srcset=\"https:\/\/boatservice.pl\/wp-content\/uploads\/2025\/07\/boat-service-bialy-raster-bez-tla-scaled-1-1024x1014.png 1024w, https:\/\/boatservice.pl\/wp-content\/uploads\/2025\/07\/boat-service-bialy-raster-bez-tla-scaled-1-300x297.png 300w, https:\/\/boatservice.pl\/wp-content\/uploads\/2025\/07\/boat-service-bialy-raster-bez-tla-scaled-1-150x150.png 150w, https:\/\/boatservice.pl\/wp-content\/uploads\/2025\/07\/boat-service-bialy-raster-bez-tla-scaled-1-768x761.png 768w, https:\/\/boatservice.pl\/wp-content\/uploads\/2025\/07\/boat-service-bialy-raster-bez-tla-scaled-1-1536x1522.png 1536w, https:\/\/boatservice.pl\/wp-content\/uploads\/2025\/07\/boat-service-bialy-raster-bez-tla-scaled-1-2048x2029.png 2048w\" sizes=\"(max-width: 1024px) 100vw, 1024px\" \/>\t\t\t\t\t\t\t\t\t\t\t\t\t\t\t<\/div>\n\t\t\t\t<\/div>\n\t\t\t\t\t<\/div>\n\t\t\t\t<\/div>\n\t\t<div class=\"elementor-element elementor-element-47a8d83b e-flex e-con-boxed e-con e-parent\" data-id=\"47a8d83b\" data-element_type=\"container\" data-e-type=\"container\">\n\t\t\t\t\t<div class=\"e-con-inner\">\n\t\t\t\t<div class=\"elementor-element elementor-element-1dbe7421 elementor-widget elementor-widget-text-editor\" data-id=\"1dbe7421\" data-element_type=\"widget\" data-e-type=\"widget\" data-widget_type=\"text-editor.default\">\n\t\t\t\t\t\t\t\t\t<div dir=\"auto\">BOAT SERVICE to firma specjalizuj\u0105ca si\u0119 w kompleksowej obs\u0142udze jacht\u00f3w \u017caglowych i \u0142odzi motorowych &#8211; serwisie technicznym, pe\u0142nej konserwacji technicznej i napraw silnik\u00f3w, restylingu, antifoulingu, polerowaniu kad\u0142ub\u00f3w i element\u00f3w wykonanych z drewna teakowego, inspekcjach podwodnych, alarmach i monitoringu dla jednostek p\u0142ywaj\u0105cych, zimowaniu jacht\u00f3w \u017caglowych i \u0142odzi motorowych, us\u0142ugach nurkowych i modernizacjach.<\/div>\n<div dir=\"auto\">W ofercie jest r\u00f3wnie\u017c sourcing jacht\u00f3w oraz \u0142odzi motorowych, import i sprzeda\u017c wraz z kompleksow\u0105 renowacj\u0105 na \u017cyczenie.&nbsp;<\/div>\n<div dir=\"auto\">&nbsp;<\/div>\n<div dir=\"auto\">Dzia\u0142a nad Jeziorem \u015alesi\u0144skim (\u015br\u00f3dl\u0105dzie), Tr\u00f3jmiasto (Ba\u0142tyk) oraz Alicante (Morze \u015ar\u00f3dziemne), a tak\u017ce oferuje us\u0142ugi mobilne, z dojazdem do klienta w Polsce i Europie.<\/div>\n<div dir=\"auto\">Wsz\u0119dzie tam, gdzie klient potrzebuje profesjonalnej pomocy.&nbsp;<\/div>\n<div dir=\"auto\">&nbsp;<\/div>\n<div dir=\"auto\">&nbsp;<\/div>\n<div dir=\"auto\"><em>\u201eZ nami Twoja \u0142\u00f3d\u017a zyskuje now\u0105 jako\u015b\u0107 &#8211; od stanu technicznego po wygl\u0105d i komfort.\u201d<\/em><\/div>\t\t\t\t\t\t\t\t<\/div>\n\t\t\t\t\t<\/div>\n\t\t\t\t<\/div>\n\t\t\t\t<\/div>\n\t\t","protected":false},"excerpt":{"rendered":"<p>BOAT SERVICE Z PASJI DO P\u0141YWANIA BOAT SERVICE to firma specjalizuj\u0105ca si\u0119 w kompleksowej obs\u0142udze jacht\u00f3w \u017caglowych i \u0142odzi motorowych &#8211; serwisie technicznym, pe\u0142nej konserwacji technicznej i napraw silnik\u00f3w, restylingu, antifoulingu, polerowaniu kad\u0142ub\u00f3w i element\u00f3w wykonanych z drewna teakowego, inspekcjach podwodnych, alarmach i monitoringu dla jednostek p\u0142ywaj\u0105cych, zimowaniu jacht\u00f3w \u017caglowych i \u0142odzi motorowych, us\u0142ugach nurkowych [&hellip;]<\/p>\n","protected":false},"author":1,"featured_media":0,"parent":0,"menu_order":0,"comment_status":"closed","ping_status":"closed","template":"","meta":{"footnotes":""},"class_list":["post-374","page","type-page","status-publish","hentry"],"_links":{"self":[{"href":"https:\/\/boatservice.pl\/index.php\/wp-json\/wp\/v2\/pages\/374","targetHints":{"allow":["GET"]}}],"collection":[{"href":"https:\/\/boatservice.pl\/index.php\/wp-json\/wp\/v2\/pages"}],"about":[{"href":"https:\/\/boatservice.pl\/index.php\/wp-json\/wp\/v2\/types\/page"}],"author":[{"embeddable":true,"href":"https:\/\/boatservice.pl\/index.php\/wp-json\/wp\/v2\/users\/1"}],"replies":[{"embeddable":true,"href":"https:\/\/boatservice.pl\/index.php\/wp-json\/wp\/v2\/comments?post=374"}],"version-history":[{"count":49,"href":"https:\/\/boatservice.pl\/index.php\/wp-json\/wp\/v2\/pages\/374\/revisions"}],"predecessor-version":[{"id":738,"href":"https:\/\/boatservice.pl\/index.php\/wp-json\/wp\/v2\/pages\/374\/revisions\/738"}],"wp:attachment":[{"href":"https:\/\/boatservice.pl\/index.php\/wp-json\/wp\/v2\/media?parent=374"}],"curies":[{"name":"wp","href":"https:\/\/api.w.org\/{rel}","templated":true}]}}