{"id":359,"date":"2025-07-21T21:18:03","date_gmt":"2025-07-21T21:18:03","guid":{"rendered":"https:\/\/boatservice.pl\/index.php\/cookie-policy-2\/"},"modified":"2025-07-21T22:23:30","modified_gmt":"2025-07-21T22:23:30","slug":"cookie-policy","status":"publish","type":"page","link":"https:\/\/boatservice.pl\/index.php\/cookie-policy\/","title":{"rendered":"Cookie Policy"},"content":{"rendered":"\t\t<div data-elementor-type=\"wp-page\" data-elementor-id=\"359\" class=\"elementor elementor-359\" data-elementor-post-type=\"page\">\n\t\t\t\t<div class=\"elementor-element elementor-element-35b1ff4d e-flex e-con-boxed e-con e-parent\" data-id=\"35b1ff4d\" data-element_type=\"container\" data-e-type=\"container\">\n\t\t\t\t\t<div class=\"e-con-inner\">\n\t\t\t\t<div class=\"elementor-element elementor-element-1c871100 elementor-widget elementor-widget-text-editor\" data-id=\"1c871100\" data-element_type=\"widget\" data-e-type=\"widget\" data-widget_type=\"text-editor.default\">\n\t\t\t\t\t\t\t\t\t<h2 data-start=\"281\" data-end=\"313\"><strong data-start=\"284\" data-end=\"311\">Polityka Plik\u00f3w Cookies<\/strong><\/h2>\n<p data-start=\"314\" data-end=\"352\"><strong data-start=\"314\" data-end=\"352\">Maritime Masters Sebastian Juzeluk<\/strong><\/p>\n<h3 data-start=\"354\" data-end=\"384\">\u00a71. Czym s\u0105 pliki cookies?<\/h3>\n<ol data-start=\"385\" data-end=\"710\">\n<li data-start=\"385\" data-end=\"580\">\n<p data-start=\"388\" data-end=\"580\">Pliki cookies (tzw. \u201eciasteczka\u201d) to niewielkie pliki tekstowe zapisywane na urz\u0105dzeniu u\u017cytkownika ko\u0144cowego (np. komputerze, tablecie, smartfonie) podczas korzystania ze strony internetowej.<\/p>\n<\/li>\n<li data-start=\"581\" data-end=\"710\">\n<p data-start=\"584\" data-end=\"710\">Cookies zawieraj\u0105 zazwyczaj nazw\u0119 strony internetowej, czas przechowywania na urz\u0105dzeniu ko\u0144cowym oraz unikalny identyfikator.<\/p>\n<\/li>\n<\/ol>\n<hr data-start=\"712\" data-end=\"715\">\n<h3 data-start=\"717\" data-end=\"756\">\u00a72. W jakim celu stosujemy cookies?<\/h3>\n<ol data-start=\"757\" data-end=\"1187\">\n<li data-start=\"757\" data-end=\"1187\">\n<p data-start=\"760\" data-end=\"858\">Strona internetowa firmy <strong data-start=\"785\" data-end=\"823\">Maritime Masters Sebastian Juzeluk<\/strong> wykorzystuje pliki cookies w celu:<\/p>\n<ul data-start=\"862\" data-end=\"1187\">\n<li data-start=\"862\" data-end=\"907\">\n<p data-start=\"864\" data-end=\"907\">zapewnienia prawid\u0142owego dzia\u0142ania serwisu,<\/p>\n<\/li>\n<li data-start=\"911\" data-end=\"994\">\n<p data-start=\"913\" data-end=\"994\">usprawnienia korzystania ze strony i dostosowania jej do preferencji u\u017cytkownika,<\/p>\n<\/li>\n<li data-start=\"998\" data-end=\"1125\">\n<p data-start=\"1000\" data-end=\"1125\">prowadzenia anonimowych statystyk i analiz dotycz\u0105cych sposobu korzystania z serwisu (np. z wykorzystaniem Google Analytics),<\/p>\n<\/li>\n<li data-start=\"1129\" data-end=\"1187\">\n<p data-start=\"1131\" data-end=\"1187\">zwi\u0119kszenia bezpiecze\u0144stwa oraz zapobiegania nadu\u017cyciom.<\/p>\n<\/li>\n<\/ul>\n<\/li>\n<\/ol>\n<hr data-start=\"1189\" data-end=\"1192\">\n<h3 data-start=\"1194\" data-end=\"1247\">\u00a73. Rodzaje plik\u00f3w cookies stosowanych na stronie<\/h3>\n<ol data-start=\"1248\" data-end=\"1587\">\n<li data-start=\"1248\" data-end=\"1335\">\n<p data-start=\"1251\" data-end=\"1335\"><strong data-start=\"1251\" data-end=\"1270\">Cookies sesyjne<\/strong> \u2013 przechowywane tymczasowo i usuwane po zamkni\u0119ciu przegl\u0105darki.<\/p>\n<\/li>\n<li data-start=\"1336\" data-end=\"1442\">\n<p data-start=\"1339\" data-end=\"1442\"><strong data-start=\"1339\" data-end=\"1357\">Cookies trwa\u0142e<\/strong> \u2013 przechowywane przez okre\u015blony czas lub do momentu ich usuni\u0119cia przez u\u017cytkownika.<\/p>\n<\/li>\n<li data-start=\"1443\" data-end=\"1587\">\n<p data-start=\"1446\" data-end=\"1587\"><strong data-start=\"1446\" data-end=\"1476\">Cookies podmiot\u00f3w trzecich<\/strong> \u2013 mog\u0105 by\u0107 umieszczane przez zewn\u0119trzne narz\u0119dzia analityczne lub spo\u0142eczno\u015bciowe (np. Google, Meta\/Facebook).<\/p>\n<\/li>\n<\/ol>\n<hr data-start=\"1589\" data-end=\"1592\">\n<h3 data-start=\"1594\" data-end=\"1629\">\u00a74. Zgoda na stosowanie cookies<\/h3>\n<ol data-start=\"1630\" data-end=\"2008\">\n<li data-start=\"1630\" data-end=\"1767\">\n<p data-start=\"1633\" data-end=\"1767\">Podczas pierwszej wizyty na stronie u\u017cytkownik informowany jest o stosowaniu plik\u00f3w cookies i ma mo\u017cliwo\u015b\u0107 wyra\u017cenia lub odmowy zgody.<\/p>\n<\/li>\n<li data-start=\"1768\" data-end=\"1900\">\n<p data-start=\"1771\" data-end=\"1900\">Korzystanie ze strony bez zmiany ustawie\u0144 przegl\u0105darki oznacza akceptacj\u0119 stosowania plik\u00f3w cookies zgodnie z niniejsz\u0105 polityk\u0105.<\/p>\n<\/li>\n<li data-start=\"1901\" data-end=\"2008\">\n<p data-start=\"1904\" data-end=\"2008\">U\u017cytkownik mo\u017ce w ka\u017cdej chwili zmieni\u0107 ustawienia dotycz\u0105ce cookies w swojej przegl\u0105darce internetowej.<\/p>\n<\/li>\n<\/ol>\n<hr data-start=\"2010\" data-end=\"2013\">\n<h3 data-start=\"2015\" data-end=\"2060\">\u00a75. Zarz\u0105dzanie i usuwanie plik\u00f3w cookies<\/h3>\n<ol data-start=\"2061\" data-end=\"2313\">\n<li data-start=\"2061\" data-end=\"2205\">\n<p data-start=\"2064\" data-end=\"2205\">U\u017cytkownik ma mo\u017cliwo\u015b\u0107 samodzielnego zarz\u0105dzania plikami cookies, w tym ich blokowania lub usuwania, za pomoc\u0105 ustawie\u0144 swojej przegl\u0105darki.<\/p>\n<\/li>\n<li data-start=\"2206\" data-end=\"2313\">\n<p data-start=\"2209\" data-end=\"2313\">Ograniczenie stosowania cookies mo\u017ce wp\u0142yn\u0105\u0107 na funkcjonalno\u015b\u0107 niekt\u00f3rych element\u00f3w strony internetowej.<\/p>\n<\/li>\n<\/ol>\n<hr data-start=\"2315\" data-end=\"2318\">\n<h3 data-start=\"2320\" data-end=\"2351\">\u00a76. Zmiany polityki cookies<\/h3>\n<ol data-start=\"2352\" data-end=\"2551\">\n<li data-start=\"2352\" data-end=\"2467\">\n<p data-start=\"2355\" data-end=\"2467\">Niniejsza polityka mo\u017ce by\u0107 okresowo aktualizowana, szczeg\u00f3lnie w przypadku zmian technologicznych lub prawnych.<\/p>\n<\/li>\n<li data-start=\"2468\" data-end=\"2551\">\n<p data-start=\"2471\" data-end=\"2551\">Zmiany zostan\u0105 opublikowane na stronie internetowej wraz z dat\u0105 wej\u015bcia w \u017cycie.<\/p>\n<\/li>\n<\/ol>\n<hr data-start=\"2553\" data-end=\"2556\">\n<p data-start=\"2558\" data-end=\"2700\"><strong data-start=\"2558\" data-end=\"2590\">Data ostatniej aktualizacji:<\/strong>&nbsp;07\/16\/2025<br data-start=\"2615\" data-end=\"2618\">W razie pyta\u0144 dotycz\u0105cych polityki cookies prosimy o kontakt: <b>biuro@maritime-masters.pl<\/b><\/p>\t\t\t\t\t\t\t\t<\/div>\n\t\t\t\t\t<\/div>\n\t\t\t\t<\/div>\n\t\t\t\t<\/div>\n\t\t","protected":false},"excerpt":{"rendered":"<p>Polityka Plik\u00f3w Cookies Maritime Masters Sebastian Juzeluk \u00a71. Czym s\u0105 pliki cookies? Pliki cookies (tzw. \u201eciasteczka\u201d) to niewielkie pliki tekstowe zapisywane na urz\u0105dzeniu u\u017cytkownika ko\u0144cowego (np. komputerze, tablecie, smartfonie) podczas korzystania ze strony internetowej. Cookies zawieraj\u0105 zazwyczaj nazw\u0119 strony internetowej, czas przechowywania na urz\u0105dzeniu ko\u0144cowym oraz unikalny identyfikator. \u00a72. W jakim celu stosujemy cookies? Strona [&hellip;]<\/p>\n","protected":false},"author":1,"featured_media":0,"parent":0,"menu_order":0,"comment_status":"closed","ping_status":"closed","template":"","meta":{"footnotes":""},"class_list":["post-359","page","type-page","status-publish","hentry"],"_links":{"self":[{"href":"https:\/\/boatservice.pl\/index.php\/wp-json\/wp\/v2\/pages\/359","targetHints":{"allow":["GET"]}}],"collection":[{"href":"https:\/\/boatservice.pl\/index.php\/wp-json\/wp\/v2\/pages"}],"about":[{"href":"https:\/\/boatservice.pl\/index.php\/wp-json\/wp\/v2\/types\/page"}],"author":[{"embeddable":true,"href":"https:\/\/boatservice.pl\/index.php\/wp-json\/wp\/v2\/users\/1"}],"replies":[{"embeddable":true,"href":"https:\/\/boatservice.pl\/index.php\/wp-json\/wp\/v2\/comments?post=359"}],"version-history":[{"count":4,"href":"https:\/\/boatservice.pl\/index.php\/wp-json\/wp\/v2\/pages\/359\/revisions"}],"predecessor-version":[{"id":412,"href":"https:\/\/boatservice.pl\/index.php\/wp-json\/wp\/v2\/pages\/359\/revisions\/412"}],"wp:attachment":[{"href":"https:\/\/boatservice.pl\/index.php\/wp-json\/wp\/v2\/media?parent=359"}],"curies":[{"name":"wp","href":"https:\/\/api.w.org\/{rel}","templated":true}]}}